{"id":1159,"date":"2025-12-18T15:51:03","date_gmt":"2025-12-18T20:51:03","guid":{"rendered":"https:\/\/constructoraklements.com\/web\/?page_id=1159"},"modified":"2025-12-22T01:26:26","modified_gmt":"2025-12-22T06:26:26","slug":"proyectos-terminados","status":"publish","type":"page","link":"https:\/\/constructoraklements.com\/web\/proyectos-terminados\/","title":{"rendered":"Proyectos terminados"},"content":{"rendered":"\t\t<div data-elementor-type=\"wp-page\" data-elementor-id=\"1159\" class=\"elementor elementor-1159\" data-elementor-settings=\"[]\">\n\t\t\t\t\t\t\t<div class=\"elementor-section-wrap\">\n\t\t\t\t\t\t\t<section class=\"elementor-section elementor-top-section elementor-element elementor-element-3121cf0 elementor-section-height-full elementor-section-boxed elementor-section-height-default elementor-section-items-middle\" data-id=\"3121cf0\" data-element_type=\"section\" data-settings=\"{&quot;background_background&quot;:&quot;classic&quot;}\">\n\t\t\t\t\t\t<div class=\"elementor-container elementor-column-gap-no\">\n\t\t\t\t\t<div class=\"elementor-column elementor-col-100 elementor-top-column elementor-element elementor-element-6fc6570\" data-id=\"6fc6570\" data-element_type=\"column\">\n\t\t\t<div class=\"elementor-widget-wrap elementor-element-populated\">\n\t\t\t\t\t\t\t\t<div class=\"elementor-element elementor-element-556a95c elementor-widget elementor-widget-html\" data-id=\"556a95c\" data-element_type=\"widget\" data-widget_type=\"html.default\">\n\t\t\t\t<div class=\"elementor-widget-container\">\n\t\t\t<script>\r\n\t\t$(document).ready(function() {\r\n\t\t    var owl = $(\"#owl-demo\");\r\n             \r\n              owl.owlCarousel({\r\n                  autoPlay: 5000,\r\n                  items : 6, \/\/10 items above 1000px browser width\r\n                  itemsDesktop : [1500,6], \/\/5 items between 1000px and 901px\r\n                  itemsDesktopSmall : [900,3], \/\/ betweem 900px and 601px\r\n                  itemsTablet: [600,2], \/\/2 items between 600 and 0\r\n                  itemsMobile : false \/\/ itemsMobile disabled - inherit from itemsTablet option\r\n              });\r\n\t\t});\r\n<\/script>\r\n<div class=\"carousel-web\">\r\n<div class=\"item\" style=\"background-image:url(http:\/\/constructoraklements.com\/web\/wp-content\/uploads\/2025\/12\/exp_andalucia.jpg);\">\r\n<div class=\"titulo\">\r\n<div class=\"texto\">\r\n<div class=\"div\"><\/div>\r\n\r\n<h1 class=\"titulo_02 colorf\">RESIDENCIAL ANDALUCIA<\/h1>\r\n\r\n<div class=\"div\"><\/div>\r\n<\/div>\r\n<\/div>\r\n\r\n<div class=\"datos\">\r\n<p class=\"parrafo_01 color1\"><b>RESIDENCIAL ANDALUCIA<\/b><br \/>\r\nPueblo Libre<br \/>\r\n<br \/>\r\nA\u00f1o de Entrega: 2022<br>\r\n14 Departamentos<br>\r\n6 pisos y 2 s\u00f3tanos<br>\r\n100% entregado<\/p>\r\n\r\n<p><a class=\"btn\" href=\"https:\/\/drive.google.com\/drive\/folders\/1ukWW4CFD8ta6EhAz4FhXPB8rRCUZTREt\" target=\"_blank\">Ver informaci\u00f3n - descargas<\/a><\/p>\r\n<\/div>\r\n\r\n<div class=\"img1\" style=\"background-image:url(http:\/\/constructoraklements.com\/web\/wp-content\/uploads\/2025\/12\/exp_andalucia.jpg);\"><\/div>\r\n<\/div>\r\n\r\n\r\n\r\n<div class=\"item\" style=\"background-image:url(http:\/\/constructoraklements.com\/web\/wp-content\/uploads\/2025\/12\/exp_benedetto.jpg);\">\r\n<div class=\"titulo\">\r\n<div class=\"texto\">\r\n<div class=\"div\"><\/div>\r\n\r\n<h1 class=\"titulo_02 colorf\">RESIDENCIAL BENEDETTO<\/h1>\r\n\r\n<div class=\"div\"><\/div>\r\n<\/div>\r\n<\/div>\r\n\r\n<div class=\"datos\">\r\n<p class=\"parrafo_01 color1\"><b>RESIDENCIAL BENEDETTO<\/b><br \/>\r\nSan Miguel<br \/>\r\n<br \/>\r\nA\u00f1o de Entrega: 2025<br \/>\r\n20 Departamentos<br \/>\r\n6 pisos, Semis\u00f3tano y 2 S\u00f3tanos<br \/>\r\n100% Entregado\t<\/p>\r\n\r\n<p><a class=\"btn\" href=\"https:\/\/drive.google.com\/drive\/folders\/1YxDaWpTrQ7pTM1gR8lFiYZMLip5EWs28\" target=\"_blank\">Ver informaci\u00f3n - descargas<\/a><\/p>\r\n<\/div>\r\n\r\n<div class=\"img1\" style=\"background-image:url(http:\/\/constructoraklements.com\/web\/wp-content\/uploads\/2025\/12\/exp_benedettob.jpg);\"><\/div>\r\n<\/div>\r\n<\/div>\t\t<\/div>\n\t\t\t\t<\/div>\n\t\t\t\t\t<\/div>\n\t\t<\/div>\n\t\t\t\t\t\t\t<\/div>\n\t\t<\/section>\n\t\t\t\t<section class=\"elementor-section elementor-top-section elementor-element elementor-element-d982d45 elementor-section-boxed elementor-section-height-default elementor-section-height-default\" data-id=\"d982d45\" data-element_type=\"section\">\n\t\t\t\t\t\t<div class=\"elementor-container elementor-column-gap-default\">\n\t\t\t\t\t<div class=\"elementor-column elementor-col-100 elementor-top-column elementor-element elementor-element-d8a563a\" data-id=\"d8a563a\" data-element_type=\"column\">\n\t\t\t<div class=\"elementor-widget-wrap\">\n\t\t\t\t\t\t\t\t\t<\/div>\n\t\t<\/div>\n\t\t\t\t\t\t\t<\/div>\n\t\t<\/section>\n\t\t\t\t\t\t<\/div>\n\t\t\t\t\t<\/div>\n\t\t","protected":false},"excerpt":{"rendered":"<p>RESIDENCIAL ANDALUCIA RESIDENCIAL ANDALUCIA Pueblo Libre A\u00f1o de Entrega: 2022 14 Departamentos 6 pisos y 2 s\u00f3tanos 100% entregado Ver informaci\u00f3n &#8211; descargas RESIDENCIAL BENEDETTO RESIDENCIAL BENEDETTO San Miguel A\u00f1o de Entrega: 2025 20 Departamentos 6 pisos, Semis\u00f3tano y 2 S\u00f3tanos 100% Entregado Ver informaci\u00f3n &#8211; descargas<\/p>\n","protected":false},"author":1,"featured_media":0,"parent":0,"menu_order":0,"comment_status":"closed","ping_status":"closed","template":"elementor_header_footer","meta":{"footnotes":""},"class_list":["post-1159","page","type-page","status-publish","hentry"],"_links":{"self":[{"href":"https:\/\/constructoraklements.com\/web\/wp-json\/wp\/v2\/pages\/1159","targetHints":{"allow":["GET"]}}],"collection":[{"href":"https:\/\/constructoraklements.com\/web\/wp-json\/wp\/v2\/pages"}],"about":[{"href":"https:\/\/constructoraklements.com\/web\/wp-json\/wp\/v2\/types\/page"}],"author":[{"embeddable":true,"href":"https:\/\/constructoraklements.com\/web\/wp-json\/wp\/v2\/users\/1"}],"replies":[{"embeddable":true,"href":"https:\/\/constructoraklements.com\/web\/wp-json\/wp\/v2\/comments?post=1159"}],"version-history":[{"count":76,"href":"https:\/\/constructoraklements.com\/web\/wp-json\/wp\/v2\/pages\/1159\/revisions"}],"predecessor-version":[{"id":1246,"href":"https:\/\/constructoraklements.com\/web\/wp-json\/wp\/v2\/pages\/1159\/revisions\/1246"}],"wp:attachment":[{"href":"https:\/\/constructoraklements.com\/web\/wp-json\/wp\/v2\/media?parent=1159"}],"curies":[{"name":"wp","href":"https:\/\/api.w.org\/{rel}","templated":true}]}}