{"id":8,"date":"2021-07-02T20:27:32","date_gmt":"2021-07-03T01:27:32","guid":{"rendered":"http:\/\/localhost\/mueble\/?page_id=8"},"modified":"2023-10-06T18:57:05","modified_gmt":"2023-10-06T23:57:05","slug":"nosotros","status":"publish","type":"page","link":"https:\/\/constructoraklements.com\/web\/nosotros\/","title":{"rendered":"Nosotros"},"content":{"rendered":"\t\t<div data-elementor-type=\"wp-page\" data-elementor-id=\"8\" class=\"elementor elementor-8\" data-elementor-settings=\"[]\">\n\t\t\t\t\t\t\t<div class=\"elementor-section-wrap\">\n\t\t\t\t\t\t\t<section class=\"elementor-section elementor-top-section elementor-element elementor-element-8d9e005 elementor-section-full_width elementor-section-height-default elementor-section-height-default\" data-id=\"8d9e005\" data-element_type=\"section\">\n\t\t\t\t\t\t<div class=\"elementor-container elementor-column-gap-default\">\n\t\t\t\t\t<div class=\"elementor-column elementor-col-50 elementor-top-column elementor-element elementor-element-533448f\" data-id=\"533448f\" data-element_type=\"column\">\n\t\t\t<div class=\"elementor-widget-wrap elementor-element-populated\">\n\t\t\t\t\t\t\t\t<div class=\"elementor-element elementor-element-3c4a546 elementor-widget elementor-widget-spacer\" data-id=\"3c4a546\" data-element_type=\"widget\" data-widget_type=\"spacer.default\">\n\t\t\t\t<div class=\"elementor-widget-container\">\n\t\t\t\t\t<div class=\"elementor-spacer\">\n\t\t\t<div class=\"elementor-spacer-inner\"><\/div>\n\t\t<\/div>\n\t\t\t\t<\/div>\n\t\t\t\t<\/div>\n\t\t\t\t<div class=\"elementor-element elementor-element-d48cef8 elementor-widget elementor-widget-heading\" data-id=\"d48cef8\" data-element_type=\"widget\" data-widget_type=\"heading.default\">\n\t\t\t\t<div class=\"elementor-widget-container\">\n\t\t\t<h2 class=\"elementor-heading-title elementor-size-default\">Historia de la Empresa:<\/h2>\t\t<\/div>\n\t\t\t\t<\/div>\n\t\t\t\t<div class=\"elementor-element elementor-element-29e466a elementor-widget elementor-widget-text-editor\" data-id=\"29e466a\" data-element_type=\"widget\" data-widget_type=\"text-editor.default\">\n\t\t\t\t<div class=\"elementor-widget-container\">\n\t\t\t\t\t\t\t\t<p>Constructora Inmobiliaria Klements EIRL nace el a\u00f1o 2019 cuando sus fundadores, con m\u00e1s de 10 a\u00f1os de experiencia y 8 proyectos exitosamente desarrollados en Lima, decidieron apostar por la innovaci\u00f3n y vanguardia en la construcci\u00f3n residencial de la capital. Bajo esta iniciativa cada proyecto de Klements trae consigo los valores que enorgullecen a la empresa: un esfuerzo constante, la dedicaci\u00f3n de nuestro talento humano y la elecci\u00f3n minuciosa de materiales de construcci\u00f3n y decoraci\u00f3n de primera calidad.<\/p>\t\t\t\t\t\t<\/div>\n\t\t\t\t<\/div>\n\t\t\t\t<div class=\"elementor-element elementor-element-1f43a67 elementor-widget elementor-widget-text-editor\" data-id=\"1f43a67\" data-element_type=\"widget\" data-widget_type=\"text-editor.default\">\n\t\t\t\t<div class=\"elementor-widget-container\">\n\t\t\t\t\t\t\t\t<p>Contamos con un equipo de profesionales y t\u00e9cnicos especializados en las principales ramas de la arquitectura, ingenier\u00eda y dise\u00f1o con el fin de garantizar un producto inmobiliario de optima calidad que muestre las ultimas y mejores tendencias del mercado, as\u00ed como una solida inversi\u00f3n inmobiliaria.<\/p>\t\t\t\t\t\t<\/div>\n\t\t\t\t<\/div>\n\t\t\t\t<div class=\"elementor-element elementor-element-d7249f0 elementor-widget elementor-widget-heading\" data-id=\"d7249f0\" data-element_type=\"widget\" data-widget_type=\"heading.default\">\n\t\t\t\t<div class=\"elementor-widget-container\">\n\t\t\t<h2 class=\"elementor-heading-title elementor-size-default\">Misi\u00f3n<\/h2>\t\t<\/div>\n\t\t\t\t<\/div>\n\t\t\t\t<div class=\"elementor-element elementor-element-5cbf179 elementor-widget elementor-widget-text-editor\" data-id=\"5cbf179\" data-element_type=\"widget\" data-widget_type=\"text-editor.default\">\n\t\t\t\t<div class=\"elementor-widget-container\">\n\t\t\t\t\t\t\t\t<p>En Inmobiliaria Klements, nuestra misi\u00f3n es trascender la construcci\u00f3n de viviendas, convirtiendo cada espacio en un lienzo de experiencias y emociones. Nuestro enfoque en proyectos residenciales nos permite prestar atenci\u00f3n meticulosa a cada detalle. Desde ubicaciones estrat\u00e9gicas hasta dise\u00f1o arquitect\u00f3nico y acabados de primer nivel, cada edificio que creamos es una fusi\u00f3n de funcionalidad y arte. Klements te ofrece un ambiente inspirador que eleva tu estilo de vida y define una nueva forma de habitar.<\/p>\t\t\t\t\t\t<\/div>\n\t\t\t\t<\/div>\n\t\t\t\t<div class=\"elementor-element elementor-element-ecee854 elementor-widget elementor-widget-heading\" data-id=\"ecee854\" data-element_type=\"widget\" data-widget_type=\"heading.default\">\n\t\t\t\t<div class=\"elementor-widget-container\">\n\t\t\t<h2 class=\"elementor-heading-title elementor-size-default\">Visi\u00f3n<\/h2>\t\t<\/div>\n\t\t\t\t<\/div>\n\t\t\t\t<div class=\"elementor-element elementor-element-2b49478 elementor-widget elementor-widget-text-editor\" data-id=\"2b49478\" data-element_type=\"widget\" data-widget_type=\"text-editor.default\">\n\t\t\t\t<div class=\"elementor-widget-container\">\n\t\t\t\t\t\t\t\t<p>Nuestra visi\u00f3n en Inmobiliaria Klements es ser l\u00edderes en la creaci\u00f3n de espacios residenciales innovadores y transformadores. Aspiramos a ser reconocidos por la calidad sobresaliente de nuestros proyectos e inspirar a otros a trav\u00e9s de nuestra filosof\u00eda de dise\u00f1o centrada en las personas.<\/p>\t\t\t\t\t\t<\/div>\n\t\t\t\t<\/div>\n\t\t\t\t<div class=\"elementor-element elementor-element-23ad296 elementor-widget elementor-widget-heading\" data-id=\"23ad296\" data-element_type=\"widget\" data-widget_type=\"heading.default\">\n\t\t\t\t<div class=\"elementor-widget-container\">\n\t\t\t<h2 class=\"elementor-heading-title elementor-size-default\">Historia de la Empresa:<\/h2>\t\t<\/div>\n\t\t\t\t<\/div>\n\t\t\t\t<div class=\"elementor-element elementor-element-e679840 elementor-widget elementor-widget-text-editor\" data-id=\"e679840\" data-element_type=\"widget\" data-widget_type=\"text-editor.default\">\n\t\t\t\t<div class=\"elementor-widget-container\">\n\t\t\t\t\t\t\t\t<p>Constructora Inmobiliaria Klements EIRL nace en el a\u00f1o 2019, sus socios cuenta con 10 a\u00f1os de experiencia en el sector inmobiliario y construcci\u00f3n, habiendo desarrollado 8 proyectos en Lima desde el a\u00f1o 2012, con el objetivo de estar a la vanguardia de la construcci\u00f3n residencial en la capital, para ello dedicamos nuestro mejor esfuerzo, el mejor capital humano y los mejores materiales y acabados.<\/p>\t\t\t\t\t\t<\/div>\n\t\t\t\t<\/div>\n\t\t\t\t<div class=\"elementor-element elementor-element-200467b elementor-widget elementor-widget-spacer\" data-id=\"200467b\" data-element_type=\"widget\" data-widget_type=\"spacer.default\">\n\t\t\t\t<div class=\"elementor-widget-container\">\n\t\t\t\t\t<div class=\"elementor-spacer\">\n\t\t\t<div class=\"elementor-spacer-inner\"><\/div>\n\t\t<\/div>\n\t\t\t\t<\/div>\n\t\t\t\t<\/div>\n\t\t\t\t\t<\/div>\n\t\t<\/div>\n\t\t\t\t<div class=\"elementor-column elementor-col-50 elementor-top-column elementor-element elementor-element-dcf7620\" data-id=\"dcf7620\" data-element_type=\"column\">\n\t\t\t<div class=\"elementor-widget-wrap elementor-element-populated\">\n\t\t\t\t\t\t\t\t<div class=\"elementor-element elementor-element-e842bdf elementor-widget elementor-widget-image\" data-id=\"e842bdf\" data-element_type=\"widget\" data-widget_type=\"image.default\">\n\t\t\t\t<div class=\"elementor-widget-container\">\n\t\t\t\t\t\t\t\t\t\t\t\t\t\t\t<img loading=\"lazy\" decoding=\"async\" width=\"1291\" height=\"1300\" src=\"https:\/\/constructoraklements.com\/web\/wp-content\/uploads\/2023\/10\/residencial-bemedeto.jpg\" class=\"attachment-full size-full\" alt=\"\" srcset=\"https:\/\/constructoraklements.com\/web\/wp-content\/uploads\/2023\/10\/residencial-bemedeto.jpg 1291w, https:\/\/constructoraklements.com\/web\/wp-content\/uploads\/2023\/10\/residencial-bemedeto-298x300.jpg 298w, https:\/\/constructoraklements.com\/web\/wp-content\/uploads\/2023\/10\/residencial-bemedeto-1017x1024.jpg 1017w, https:\/\/constructoraklements.com\/web\/wp-content\/uploads\/2023\/10\/residencial-bemedeto-150x150.jpg 150w, https:\/\/constructoraklements.com\/web\/wp-content\/uploads\/2023\/10\/residencial-bemedeto-768x773.jpg 768w\" sizes=\"auto, (max-width: 1291px) 100vw, 1291px\" \/>\t\t\t\t\t\t\t\t\t\t\t\t\t\t\t<\/div>\n\t\t\t\t<\/div>\n\t\t\t\t\t<\/div>\n\t\t<\/div>\n\t\t\t\t\t\t\t<\/div>\n\t\t<\/section>\n\t\t\t\t\t\t<\/div>\n\t\t\t\t\t<\/div>\n\t\t","protected":false},"excerpt":{"rendered":"<p>Historia de la Empresa: Constructora Inmobiliaria Klements EIRL nace el a\u00f1o 2019 cuando sus fundadores, con m\u00e1s de 10 a\u00f1os de experiencia y 8 proyectos exitosamente desarrollados en Lima, decidieron apostar por la innovaci\u00f3n y vanguardia en la construcci\u00f3n residencial de la capital. Bajo esta iniciativa cada proyecto de Klements trae consigo los valores que [&hellip;]<\/p>\n","protected":false},"author":1,"featured_media":0,"parent":0,"menu_order":0,"comment_status":"closed","ping_status":"closed","template":"elementor_header_footer","meta":{"footnotes":""},"class_list":["post-8","page","type-page","status-publish","hentry"],"_links":{"self":[{"href":"https:\/\/constructoraklements.com\/web\/wp-json\/wp\/v2\/pages\/8","targetHints":{"allow":["GET"]}}],"collection":[{"href":"https:\/\/constructoraklements.com\/web\/wp-json\/wp\/v2\/pages"}],"about":[{"href":"https:\/\/constructoraklements.com\/web\/wp-json\/wp\/v2\/types\/page"}],"author":[{"embeddable":true,"href":"https:\/\/constructoraklements.com\/web\/wp-json\/wp\/v2\/users\/1"}],"replies":[{"embeddable":true,"href":"https:\/\/constructoraklements.com\/web\/wp-json\/wp\/v2\/comments?post=8"}],"version-history":[{"count":37,"href":"https:\/\/constructoraklements.com\/web\/wp-json\/wp\/v2\/pages\/8\/revisions"}],"predecessor-version":[{"id":1061,"href":"https:\/\/constructoraklements.com\/web\/wp-json\/wp\/v2\/pages\/8\/revisions\/1061"}],"wp:attachment":[{"href":"https:\/\/constructoraklements.com\/web\/wp-json\/wp\/v2\/media?parent=8"}],"curies":[{"name":"wp","href":"https:\/\/api.w.org\/{rel}","templated":true}]}}